{"id":86,"date":"2026-01-10T23:20:25","date_gmt":"2026-01-11T04:20:25","guid":{"rendered":"https:\/\/ybbeauport.com\/?page_id=86"},"modified":"2026-03-28T21:19:38","modified_gmt":"2026-03-29T01:19:38","slug":"home","status":"publish","type":"page","link":"https:\/\/ybbeauport.com\/","title":{"rendered":"Home"},"content":{"rendered":"\n<h2 class=\"wp-block-heading has-text-align-center\">Pourquoi choisir notre dojo ?<\/h2>\n\n\n\n<p class=\"has-text-align-center\"><em>Un dojo accessible, accueillant et passionn\u00e9<\/em><\/p>\n\n\n\n<div class=\"wp-block-columns container is-layout-flex wp-container-core-columns-is-layout-28f84493 wp-block-columns-is-layout-flex\">\n<div class=\"wp-block-column is-layout-flow wp-block-column-is-layout-flow\">\n<div style=\"height:55px\" aria-hidden=\"true\" class=\"wp-block-spacer\"><\/div>\n\n\n\n<p>Notre club de Beauport fait partie de la F\u00e9d\u00e9ration Yoseikan Budo Qu\u00e9bec.<br>Les cours sont encadr\u00e9s par des instructeurs  passionn\u00e9s et attentifs \u00e0 chaque \u00e9l\u00e8ve.<br>L\u2019ambiance y est familiale, le respect et le d\u00e9passement de soi sont au c\u0153ur de notre pratique.<\/p>\n<\/div>\n\n\n\n<div class=\"wp-block-column col-md-6 col-md-offset1 is-layout-flow wp-block-column-is-layout-flow\">\n<div style=\"height:55px\" aria-hidden=\"true\" class=\"wp-block-spacer\"><\/div>\n\n\n\n<div id=\"wp-block-themeisle-blocks-slider-9e627a72\" class=\"wp-block-themeisle-blocks-slider glide\" data-per-view=\"1\" data-gap=\"0\" data-peek=\"0\" data-autoplay=\"3000\" data-height=\"400px\" data-hide-arrows=\"false\"><div class=\"glide__track\" data-glide-el=\"track\"><div class=\"glide__slides\"><div class=\"wp-block-themeisle-blocks-slider-item-wrapper glide__slide\" tabindex=\"0\"><figure><img decoding=\"async\" class=\"wp-block-themeisle-blocks-slider-item\" src=\"https:\/\/ybbeauport.com\/wp-content\/uploads\/2026\/01\/littleKick-scaled-1.jpg\" alt=\"\" title=\"\" data-id=\"98\"\/><\/figure><\/div><div class=\"wp-block-themeisle-blocks-slider-item-wrapper glide__slide\" tabindex=\"0\"><figure><img decoding=\"async\" class=\"wp-block-themeisle-blocks-slider-item\" src=\"https:\/\/ybbeauport.com\/wp-content\/uploads\/2026\/01\/crawl.jpg\" alt=\"\" title=\"\" data-id=\"99\"\/><\/figure><\/div><div class=\"wp-block-themeisle-blocks-slider-item-wrapper glide__slide\" tabindex=\"0\"><figure><img decoding=\"async\" class=\"wp-block-themeisle-blocks-slider-item\" src=\"https:\/\/ybbeauport.com\/wp-content\/uploads\/2026\/01\/action.jpg\" alt=\"\" title=\"\" data-id=\"100\"\/><\/figure><\/div><div class=\"wp-block-themeisle-blocks-slider-item-wrapper glide__slide\" tabindex=\"0\"><figure><img decoding=\"async\" class=\"wp-block-themeisle-blocks-slider-item\" src=\"https:\/\/ybbeauport.com\/wp-content\/uploads\/2026\/01\/run.jpg\" alt=\"\" title=\"\" data-id=\"97\"\/><\/figure><\/div><\/div><\/div><\/div>\n\n\n\n<div style=\"height:56px\" aria-hidden=\"true\" class=\"wp-block-spacer\"><\/div>\n<\/div>\n<\/div>\n\n\n\n<div class=\"wp-block-cover alignfull is-light hestia-clear-top-padding\" style=\"min-height:643px;aspect-ratio:unset;\"><span aria-hidden=\"true\" class=\"wp-block-cover__background has-white-background-color has-background-dim-100 has-background-dim\"><\/span><div class=\"wp-block-cover__inner-container is-layout-flow wp-block-cover-is-layout-flow\">\n<h2 class=\"wp-block-heading has-text-align-center has-text-color\" style=\"color:#3c4858\">Pour qui ?<\/h2>\n\n\n\n<pre class=\"wp-block-verse has-text-align-center\"><em>Le Yoseikan Budo est pour tout le monde<\/em><\/pre>\n\n\n\n<div style=\"height:40px\" aria-hidden=\"true\" class=\"wp-block-spacer\"><\/div>\n\n\n\n<div class=\"wp-block-columns container is-layout-flex wp-container-core-columns-is-layout-28f84493 wp-block-columns-is-layout-flex\">\n<div class=\"wp-block-column is-layout-flow wp-block-column-is-layout-flow\"><div class=\"wp-block-image\">\n<figure class=\"aligncenter size-full is-resized\"><img decoding=\"async\" src=\"http:\/\/192.168.1.133:30040\/wp-content\/uploads\/2025\/10\/children-solid-full-cda42d.svg\" alt=\"\" class=\"wp-image-76\" style=\"width:88px;height:auto\"\/><\/figure>\n<\/div>\n\n\n<h5 class=\"wp-block-heading has-text-align-center has-text-color\" style=\"color:#3c4858;font-size:18px\">Tout-petits (4 \u00e0 6\u00a0ans)<\/h5>\n\n\n\n<p class=\"has-text-align-center has-text-color\" style=\"color:#999999;font-size:14px\">D\u00e9veloppement psychomoteur&nbsp;par la sensibilisation au Yoseikan Budo, sous forme de jeux \u00e9ducatifs.<\/p>\n\n\n\n<div style=\"height:25px\" aria-hidden=\"true\" class=\"wp-block-spacer\"><\/div>\n<\/div>\n\n\n\n<div class=\"wp-block-column is-layout-flow wp-block-column-is-layout-flow\"><div class=\"wp-block-image\">\n<figure class=\"aligncenter size-full is-resized\"><img decoding=\"async\" src=\"http:\/\/192.168.1.133:30040\/wp-content\/uploads\/2025\/10\/user-solid-full-b3ad1a.svg\" alt=\"\" class=\"wp-image-77\" style=\"width:86px;height:auto\"\/><\/figure>\n<\/div>\n\n\n<h5 class=\"wp-block-heading has-text-align-center has-text-color\" style=\"color:#3c4858;font-size:18px\">Enfants<\/h5>\n\n\n\n<p class=\"has-text-align-center has-text-color\" style=\"color:#999999;font-size:14px\">Apprendre la discipline, le respect et la confiance tout en bougeant et s\u2019amusant.<br><\/p>\n\n\n\n<div style=\"height:25px\" aria-hidden=\"true\" class=\"wp-block-spacer\"><\/div>\n<\/div>\n\n\n\n<div class=\"wp-block-column is-layout-flow wp-block-column-is-layout-flow\"><div class=\"wp-block-image\">\n<figure class=\"aligncenter size-large is-resized\"><img decoding=\"async\" src=\"http:\/\/192.168.1.133:30040\/wp-content\/themes\/hestia\/assets\/img\/feat3.png\" alt=\"\" class=\"wp-image-72\" style=\"width:78px;height:auto\"\/><\/figure>\n<\/div>\n\n\n<h5 class=\"wp-block-heading has-text-align-center has-text-color\" style=\"color:#3c4858;font-size:18px\">Adultes<\/h5>\n\n\n\n<p class=\"has-text-align-center has-text-color\" style=\"color:#999999;font-size:14px\">D\u00e9velopper sa force physique et mentale dans un cadre motivant et bienveillant.<br><\/p>\n\n\n\n<div style=\"height:25px\" aria-hidden=\"true\" class=\"wp-block-spacer\"><\/div>\n<\/div>\n\n\n\n<div class=\"wp-block-column is-layout-flow wp-block-column-is-layout-flow\"><div class=\"wp-block-image\">\n<figure class=\"aligncenter size-full is-resized\"><img decoding=\"async\" src=\"http:\/\/192.168.1.133:30040\/wp-content\/uploads\/2025\/10\/people-roof-solid-full-f16d75.svg\" alt=\"\" class=\"wp-image-78\" style=\"width:78px;height:auto\"\/><\/figure>\n<\/div>\n\n\n<h5 class=\"wp-block-heading has-text-align-center has-text-color\" style=\"color:#3c4858;font-size:18px\">Familles<\/h5>\n\n\n\n<p class=\"has-text-align-center has-text-color\" style=\"color:#999999;font-size:14px\">Une activit\u00e9 qui rassemble: chacun avance \u00e0 son rythme, ensemble.<\/p>\n\n\n\n<div style=\"height:25px\" aria-hidden=\"true\" class=\"wp-block-spacer\"><\/div>\n<\/div>\n<\/div>\n\n\n\n<div style=\"height:40px\" aria-hidden=\"true\" class=\"wp-block-spacer\"><\/div>\n<\/div><\/div>\n\n\n\n<h2 class=\"wp-block-heading has-text-align-center\">Nos s\u00e9ances<\/h2>\n\n\n\n<div class=\"wp-block-group\"><div class=\"wp-block-group__inner-container is-layout-constrained wp-block-group-is-layout-constrained\">\n<div class=\"wp-block-columns are-vertically-aligned-center is-layout-flex wp-container-core-columns-is-layout-28f84493 wp-block-columns-is-layout-flex\">\n<div class=\"wp-block-column is-vertically-aligned-center is-layout-flow wp-block-column-is-layout-flow\">\n<details class=\"wp-block-details is-layout-flow wp-block-details-is-layout-flow\"><summary>Samedi 9h &#8211; 10h30<\/summary>\n<p>Cour tout ages, parent\/enfant<\/p>\n<\/details>\n\n\n\n<details class=\"wp-block-details is-layout-flow wp-block-details-is-layout-flow\"><summary>Samedi 10h30 &#8211; 12h00<\/summary>\n<p>Cour tout ages, parent\/enfant<\/p>\n<\/details>\n<\/div>\n\n\n\n<div class=\"wp-block-column is-vertically-aligned-center is-layout-flow wp-block-column-is-layout-flow\">\n<details class=\"wp-block-details is-layout-flow wp-block-details-is-layout-flow\"><summary>Lundi 18h15 &#8211; 19h15<\/summary>\n<p>Cour jeunesse (6 ans et plus), parent\/enfant<\/p>\n<\/details>\n\n\n\n<details class=\"wp-block-details is-layout-flow wp-block-details-is-layout-flow\"><summary>Lundi 19h30 &#8211; 21h00<\/summary>\n<p>Cour adulte<\/p>\n<\/details>\n<\/div>\n\n\n\n<div class=\"wp-block-column is-vertically-aligned-center is-layout-flow wp-block-column-is-layout-flow\">\n<details class=\"wp-block-details is-layout-flow wp-block-details-is-layout-flow\"><summary>Mercredi 18h15 &#8211; 19h15<\/summary>\n<p>Cour jeunesse (6 ans et plus), parent\/enfant<\/p>\n<\/details>\n\n\n\n<details class=\"wp-block-details is-layout-flow wp-block-details-is-layout-flow\"><summary>Mercredi 19h30 &#8211; 21h30<\/summary>\n<p>Cour adulte<\/p>\n<\/details>\n<\/div>\n<\/div>\n<\/div><\/div>\n\n\n\n<p><\/p>\n","protected":false},"excerpt":{"rendered":"<p>Pourquoi choisir notre dojo ? Un dojo accessible, accueillant et passionn\u00e9 Notre club de Beauport fait partie de la F\u00e9d\u00e9ration Yoseikan Budo Qu\u00e9bec.Les cours sont encadr\u00e9s par des instructeurs passionn\u00e9s et attentifs \u00e0 chaque \u00e9l\u00e8ve.L\u2019ambiance y est familiale, le respect et le d\u00e9passement de soi sont au c\u0153ur de notre [&hellip;]<\/p>\n","protected":false},"author":1,"featured_media":0,"parent":0,"menu_order":0,"comment_status":"closed","ping_status":"closed","template":"","meta":{"_themeisle_gutenberg_block_has_review":false,"footnotes":""},"class_list":["post-86","page","type-page","status-publish","hentry"],"_links":{"self":[{"href":"https:\/\/ybbeauport.com\/index.php?rest_route=\/wp\/v2\/pages\/86","targetHints":{"allow":["GET"]}}],"collection":[{"href":"https:\/\/ybbeauport.com\/index.php?rest_route=\/wp\/v2\/pages"}],"about":[{"href":"https:\/\/ybbeauport.com\/index.php?rest_route=\/wp\/v2\/types\/page"}],"author":[{"embeddable":true,"href":"https:\/\/ybbeauport.com\/index.php?rest_route=\/wp\/v2\/users\/1"}],"replies":[{"embeddable":true,"href":"https:\/\/ybbeauport.com\/index.php?rest_route=%2Fwp%2Fv2%2Fcomments&post=86"}],"version-history":[{"count":3,"href":"https:\/\/ybbeauport.com\/index.php?rest_route=\/wp\/v2\/pages\/86\/revisions"}],"predecessor-version":[{"id":163,"href":"https:\/\/ybbeauport.com\/index.php?rest_route=\/wp\/v2\/pages\/86\/revisions\/163"}],"wp:attachment":[{"href":"https:\/\/ybbeauport.com\/index.php?rest_route=%2Fwp%2Fv2%2Fmedia&parent=86"}],"curies":[{"name":"wp","href":"https:\/\/api.w.org\/{rel}","templated":true}]}}